{"id":8,"date":"2025-02-10T13:39:51","date_gmt":"2025-02-10T12:39:51","guid":{"rendered":"https:\/\/marcindembinski.pl\/?page_id=8"},"modified":"2025-06-24T22:59:57","modified_gmt":"2025-06-24T20:59:57","slug":"marcin-dembinski-specjalista-chirurg-i-endoskopista-krakow","status":"publish","type":"page","link":"https:\/\/marcindembinski.pl\/","title":{"rendered":"Strona g\u0142\u00f3wna"},"content":{"rendered":"\n\n\n\n\n\n","protected":false},"excerpt":{"rendered":"","protected":false},"author":1,"featured_media":239,"parent":0,"menu_order":0,"comment_status":"closed","ping_status":"closed","template":"","meta":{"saved_in_kubio":true,"footnotes":""},"class_list":["post-8","page","type-page","status-publish","has-post-thumbnail","hentry"],"kubio_ai_page_context":{"short_desc":"","purpose":"general"},"yoast_head":"<!-- This site is optimized with the Yoast SEO plugin v26.9 - https:\/\/yoast.com\/product\/yoast-seo-wordpress\/ -->\n<title>dr n. med. Marcin Dembi\u0144ski - specjalista chirurg i endoskopista - Krak\u00f3w<\/title>\n<meta name=\"description\" content=\"dr n. med. Marcin Dembi\u0144ski \u2013 specjalista chirurg og\u00f3lny, endoskopista zabiegowy. Gastroskopia, kolonoskopia, EUS, ERCP. Do\u015bwiadczenie kliniczne i akademickie.\" \/>\n<meta name=\"robots\" content=\"index, follow, max-snippet:-1, max-image-preview:large, max-video-preview:-1\" \/>\n<link rel=\"canonical\" href=\"https:\/\/marcindembinski.pl\/\" \/>\n<meta property=\"og:locale\" content=\"pl_PL\" \/>\n<meta property=\"og:type\" content=\"article\" \/>\n<meta property=\"og:title\" content=\"dr n. med. Marcin Dembi\u0144ski - specjalista chirurg i endoskopista - Krak\u00f3w\" \/>\n<meta property=\"og:description\" content=\"dr n. med. Marcin Dembi\u0144ski \u2013 specjalista chirurg og\u00f3lny, endoskopista zabiegowy. Gastroskopia, kolonoskopia, EUS, ERCP. Do\u015bwiadczenie kliniczne i akademickie.\" \/>\n<meta property=\"og:url\" content=\"https:\/\/marcindembinski.pl\/\" \/>\n<meta property=\"og:site_name\" content=\"Marcin Dembi\u0144ski\" \/>\n<meta property=\"article:modified_time\" content=\"2025-06-24T20:59:57+00:00\" \/>\n<meta property=\"og:image\" content=\"https:\/\/marcindembinski.pl\/wp-content\/uploads\/2025\/06\/Favicon.png\" \/>\n\t<meta property=\"og:image:width\" content=\"512\" \/>\n\t<meta property=\"og:image:height\" content=\"512\" \/>\n\t<meta property=\"og:image:type\" content=\"image\/png\" \/>\n<meta name=\"twitter:card\" content=\"summary_large_image\" \/>\n<meta name=\"twitter:label1\" content=\"Szacowany czas czytania\" \/>\n\t<meta name=\"twitter:data1\" content=\"1 minuta\" \/>\n<script type=\"application\/ld+json\" class=\"yoast-schema-graph\">{\"@context\":\"https:\/\/schema.org\",\"@graph\":[{\"@type\":\"WebPage\",\"@id\":\"https:\/\/marcindembinski.pl\/\",\"url\":\"https:\/\/marcindembinski.pl\/\",\"name\":\"dr n. med. Marcin Dembi\u0144ski - specjalista chirurg i endoskopista - Krak\u00f3w\",\"isPartOf\":{\"@id\":\"https:\/\/marcindembinski.pl\/#website\"},\"primaryImageOfPage\":{\"@id\":\"https:\/\/marcindembinski.pl\/#primaryimage\"},\"image\":{\"@id\":\"https:\/\/marcindembinski.pl\/#primaryimage\"},\"thumbnailUrl\":\"https:\/\/marcindembinski.pl\/wp-content\/uploads\/2025\/06\/Favicon.png\",\"datePublished\":\"2025-02-10T12:39:51+00:00\",\"dateModified\":\"2025-06-24T20:59:57+00:00\",\"description\":\"dr n. med. Marcin Dembi\u0144ski \u2013 specjalista chirurg og\u00f3lny, endoskopista zabiegowy. Gastroskopia, kolonoskopia, EUS, ERCP. Do\u015bwiadczenie kliniczne i akademickie.\",\"breadcrumb\":{\"@id\":\"https:\/\/marcindembinski.pl\/#breadcrumb\"},\"inLanguage\":\"pl-PL\",\"potentialAction\":[{\"@type\":\"ReadAction\",\"target\":[\"https:\/\/marcindembinski.pl\/\"]}]},{\"@type\":\"ImageObject\",\"inLanguage\":\"pl-PL\",\"@id\":\"https:\/\/marcindembinski.pl\/#primaryimage\",\"url\":\"https:\/\/marcindembinski.pl\/wp-content\/uploads\/2025\/06\/Favicon.png\",\"contentUrl\":\"https:\/\/marcindembinski.pl\/wp-content\/uploads\/2025\/06\/Favicon.png\",\"width\":512,\"height\":512},{\"@type\":\"BreadcrumbList\",\"@id\":\"https:\/\/marcindembinski.pl\/#breadcrumb\",\"itemListElement\":[{\"@type\":\"ListItem\",\"position\":1,\"name\":\"Strona g\u0142\u00f3wna\",\"item\":\"https:\/\/marcindembinski.pl\/\"},{\"@type\":\"ListItem\",\"position\":2,\"name\":\"Strona g\u0142\u00f3wna\"}]},{\"@type\":\"WebSite\",\"@id\":\"https:\/\/marcindembinski.pl\/#website\",\"url\":\"https:\/\/marcindembinski.pl\/\",\"name\":\"Marcin Dembi\u0144ski\",\"description\":\"Marcin Dembi\u0144ski - specjalista chirurg i endoskopista \u2013 Krak\u00f3w\",\"publisher\":{\"@id\":\"https:\/\/marcindembinski.pl\/#\/schema\/person\/897af909268fd2242348d0dd2c38b818\"},\"alternateName\":\"Marcin Dembi\u0144ski\",\"potentialAction\":[{\"@type\":\"SearchAction\",\"target\":{\"@type\":\"EntryPoint\",\"urlTemplate\":\"https:\/\/marcindembinski.pl\/?s={search_term_string}\"},\"query-input\":{\"@type\":\"PropertyValueSpecification\",\"valueRequired\":true,\"valueName\":\"search_term_string\"}}],\"inLanguage\":\"pl-PL\"},{\"@type\":[\"Person\",\"Organization\"],\"@id\":\"https:\/\/marcindembinski.pl\/#\/schema\/person\/897af909268fd2242348d0dd2c38b818\",\"name\":\"Marcin\",\"image\":{\"@type\":\"ImageObject\",\"inLanguage\":\"pl-PL\",\"@id\":\"https:\/\/marcindembinski.pl\/#\/schema\/person\/image\/\",\"url\":\"https:\/\/marcindembinski.pl\/wp-content\/uploads\/2025\/02\/2009-09-03-15-29-24E-scaled-e1739310104652.jpg\",\"contentUrl\":\"https:\/\/marcindembinski.pl\/wp-content\/uploads\/2025\/02\/2009-09-03-15-29-24E-scaled-e1739310104652.jpg\",\"width\":1417,\"height\":1920,\"caption\":\"Marcin\"},\"logo\":{\"@id\":\"https:\/\/marcindembinski.pl\/#\/schema\/person\/image\/\"},\"sameAs\":[\"https:\/\/marcindembinski.pl\"]}]}<\/script>\n<!-- \/ Yoast SEO plugin. -->","yoast_head_json":{"title":"dr n. med. Marcin Dembi\u0144ski - specjalista chirurg i endoskopista - Krak\u00f3w","description":"dr n. med. Marcin Dembi\u0144ski \u2013 specjalista chirurg og\u00f3lny, endoskopista zabiegowy. Gastroskopia, kolonoskopia, EUS, ERCP. Do\u015bwiadczenie kliniczne i akademickie.","robots":{"index":"index","follow":"follow","max-snippet":"max-snippet:-1","max-image-preview":"max-image-preview:large","max-video-preview":"max-video-preview:-1"},"canonical":"https:\/\/marcindembinski.pl\/","og_locale":"pl_PL","og_type":"article","og_title":"dr n. med. Marcin Dembi\u0144ski - specjalista chirurg i endoskopista - Krak\u00f3w","og_description":"dr n. med. Marcin Dembi\u0144ski \u2013 specjalista chirurg og\u00f3lny, endoskopista zabiegowy. Gastroskopia, kolonoskopia, EUS, ERCP. Do\u015bwiadczenie kliniczne i akademickie.","og_url":"https:\/\/marcindembinski.pl\/","og_site_name":"Marcin Dembi\u0144ski","article_modified_time":"2025-06-24T20:59:57+00:00","og_image":[{"width":512,"height":512,"url":"https:\/\/marcindembinski.pl\/wp-content\/uploads\/2025\/06\/Favicon.png","type":"image\/png"}],"twitter_card":"summary_large_image","twitter_misc":{"Szacowany czas czytania":"1 minuta"},"schema":{"@context":"https:\/\/schema.org","@graph":[{"@type":"WebPage","@id":"https:\/\/marcindembinski.pl\/","url":"https:\/\/marcindembinski.pl\/","name":"dr n. med. Marcin Dembi\u0144ski - specjalista chirurg i endoskopista - Krak\u00f3w","isPartOf":{"@id":"https:\/\/marcindembinski.pl\/#website"},"primaryImageOfPage":{"@id":"https:\/\/marcindembinski.pl\/#primaryimage"},"image":{"@id":"https:\/\/marcindembinski.pl\/#primaryimage"},"thumbnailUrl":"https:\/\/marcindembinski.pl\/wp-content\/uploads\/2025\/06\/Favicon.png","datePublished":"2025-02-10T12:39:51+00:00","dateModified":"2025-06-24T20:59:57+00:00","description":"dr n. med. Marcin Dembi\u0144ski \u2013 specjalista chirurg og\u00f3lny, endoskopista zabiegowy. Gastroskopia, kolonoskopia, EUS, ERCP. Do\u015bwiadczenie kliniczne i akademickie.","breadcrumb":{"@id":"https:\/\/marcindembinski.pl\/#breadcrumb"},"inLanguage":"pl-PL","potentialAction":[{"@type":"ReadAction","target":["https:\/\/marcindembinski.pl\/"]}]},{"@type":"ImageObject","inLanguage":"pl-PL","@id":"https:\/\/marcindembinski.pl\/#primaryimage","url":"https:\/\/marcindembinski.pl\/wp-content\/uploads\/2025\/06\/Favicon.png","contentUrl":"https:\/\/marcindembinski.pl\/wp-content\/uploads\/2025\/06\/Favicon.png","width":512,"height":512},{"@type":"BreadcrumbList","@id":"https:\/\/marcindembinski.pl\/#breadcrumb","itemListElement":[{"@type":"ListItem","position":1,"name":"Strona g\u0142\u00f3wna","item":"https:\/\/marcindembinski.pl\/"},{"@type":"ListItem","position":2,"name":"Strona g\u0142\u00f3wna"}]},{"@type":"WebSite","@id":"https:\/\/marcindembinski.pl\/#website","url":"https:\/\/marcindembinski.pl\/","name":"Marcin Dembi\u0144ski","description":"Marcin Dembi\u0144ski - specjalista chirurg i endoskopista \u2013 Krak\u00f3w","publisher":{"@id":"https:\/\/marcindembinski.pl\/#\/schema\/person\/897af909268fd2242348d0dd2c38b818"},"alternateName":"Marcin Dembi\u0144ski","potentialAction":[{"@type":"SearchAction","target":{"@type":"EntryPoint","urlTemplate":"https:\/\/marcindembinski.pl\/?s={search_term_string}"},"query-input":{"@type":"PropertyValueSpecification","valueRequired":true,"valueName":"search_term_string"}}],"inLanguage":"pl-PL"},{"@type":["Person","Organization"],"@id":"https:\/\/marcindembinski.pl\/#\/schema\/person\/897af909268fd2242348d0dd2c38b818","name":"Marcin","image":{"@type":"ImageObject","inLanguage":"pl-PL","@id":"https:\/\/marcindembinski.pl\/#\/schema\/person\/image\/","url":"https:\/\/marcindembinski.pl\/wp-content\/uploads\/2025\/02\/2009-09-03-15-29-24E-scaled-e1739310104652.jpg","contentUrl":"https:\/\/marcindembinski.pl\/wp-content\/uploads\/2025\/02\/2009-09-03-15-29-24E-scaled-e1739310104652.jpg","width":1417,"height":1920,"caption":"Marcin"},"logo":{"@id":"https:\/\/marcindembinski.pl\/#\/schema\/person\/image\/"},"sameAs":["https:\/\/marcindembinski.pl"]}]}},"_links":{"self":[{"href":"https:\/\/marcindembinski.pl\/index.php?rest_route=\/wp\/v2\/pages\/8","targetHints":{"allow":["GET"]}}],"collection":[{"href":"https:\/\/marcindembinski.pl\/index.php?rest_route=\/wp\/v2\/pages"}],"about":[{"href":"https:\/\/marcindembinski.pl\/index.php?rest_route=\/wp\/v2\/types\/page"}],"author":[{"embeddable":true,"href":"https:\/\/marcindembinski.pl\/index.php?rest_route=\/wp\/v2\/users\/1"}],"replies":[{"embeddable":true,"href":"https:\/\/marcindembinski.pl\/index.php?rest_route=%2Fwp%2Fv2%2Fcomments&post=8"}],"version-history":[{"count":49,"href":"https:\/\/marcindembinski.pl\/index.php?rest_route=\/wp\/v2\/pages\/8\/revisions"}],"predecessor-version":[{"id":241,"href":"https:\/\/marcindembinski.pl\/index.php?rest_route=\/wp\/v2\/pages\/8\/revisions\/241"}],"wp:featuredmedia":[{"embeddable":true,"href":"https:\/\/marcindembinski.pl\/index.php?rest_route=\/wp\/v2\/media\/239"}],"wp:attachment":[{"href":"https:\/\/marcindembinski.pl\/index.php?rest_route=%2Fwp%2Fv2%2Fmedia&parent=8"}],"curies":[{"name":"wp","href":"https:\/\/api.w.org\/{rel}","templated":true}]}}